




{"id":10367,"date":"2025-08-29T14:16:37","date_gmt":"2025-08-29T14:16:37","guid":{"rendered":"https:\/\/www.comexposium.com\/?page_id=10367"},"modified":"2025-08-30T07:40:32","modified_gmt":"2025-08-30T07:40:32","slug":"message-from-pablo-nakhle-cerruti-ceo-comexposium","status":"publish","type":"page","link":"https:\/\/www.comexposium.com\/en\/message-from-pablo-nakhle-cerruti-ceo-comexposium\/","title":{"rendered":"Message from Pablo Nakhle Cerruti, CEO Comexposium"},"content":{"rendered":"\n\n<div class=\"short-description container\">\n\t\t\t\t<p>1er septembre 2025 \/ september 1, 2025<\/p>\n\t\t\t<\/div>\n\t\t\t\n\t\n\n\n<p>D\u00e9couvrez ici le message de bienvenue de Pablo Nakhle Cerruti, CEO Comexposium\u00a0; \u00e0 l\u2019attention des collaborateurs du Groupe. Pour acc\u00e9der \u00e0 cette vid\u00e9o de mani\u00e8re s\u00e9curis\u00e9e, merci de renseigner votre adresse email professionnelle*.<\/p>\n\n\n\n<p><em>Discover here the welcome message from Pablo Nakhle Cerruti, CEO of Comexposium, to the Group\u2019s employees.<\/em>&nbsp;<em>To access this video securely, please enter your professional email address*<\/em><\/p>\n\n\n\n    <form method=\"post\" class=\"email-protected-form\">\n        <p><\/p>\n        <input type=\"email\" name=\"email\" required placeholder=\"Enter your professional e-mail address\">\n        <button type=\"submit\" class=\"btn-arrow cb-checkbox_rounded\">Watch the video...<\/button>\n    <\/form>\n\n\n\n<p>*Ce champ vous est demand\u00e9 pour permettre de garantir la confidentialit\u00e9 de cette vid\u00e9o, uniquement destin\u00e9e aux collaborateurs de Comexposium et de ses filiales. Si vous rencontrez des probl\u00e8mes d\u2019acc\u00e8s, merci de contacter la Direction Communication&nbsp;:&nbsp;<a href=\"mailto:dcom@comexposium.com\" target=\"_blank\" rel=\"noreferrer noopener\">dcom@comexposium.com<\/a><\/p>\n\n\n\n<p><em>*This field is required in order to guarantee the confidentiality of this video, which is intended for employees of Comexposium and its subsidiaries only.<\/em> <em>If you can\u2019t access to the video, please try to connect without VPN or contact the Communications Team&nbsp;:&nbsp;<a href=\"mailto:dcom@comexposium.com\" target=\"_blank\" rel=\"noreferrer noopener\">dcom@comexposium.com<\/a><\/em><\/p>\n","protected":false},"excerpt":{"rendered":"<p>D\u00e9couvrez ici le message de bienvenue de Pablo Nakhle Cerruti, CEO Comexposium\u00a0; \u00e0 l\u2019attention des collaborateurs du Groupe. Pour acc\u00e9der \u00e0 cette vid\u00e9o de mani\u00e8re s\u00e9curis\u00e9e, merci de renseigner votre adresse email professionnelle*. Discover here the welcome message from Pablo Nakhle Cerruti, CEO of Comexposium, to the Group\u2019s employees.&nbsp;To access this video securely, please enter [&hellip;]<\/p>\n","protected":false},"author":1,"featured_media":0,"parent":0,"menu_order":0,"comment_status":"closed","ping_status":"closed","template":"","meta":{"_acf_changed":false,"inline_featured_image":false,"footnotes":""},"class_list":["post-10367","page","type-page","status-publish","hentry"],"acf":[],"yoast_head":"<!-- This site is optimized with the Yoast SEO plugin v27.3 - https:\/\/yoast.com\/product\/yoast-seo-wordpress\/ -->\n<title>Message from Pablo Nakhle Cerruti, CEO Comexposium | Comexposium<\/title>\n<meta name=\"robots\" content=\"noindex, nofollow\" \/>\n<meta property=\"og:locale\" content=\"en_US\" \/>\n<meta property=\"og:type\" content=\"article\" \/>\n<meta property=\"og:title\" content=\"Message from Pablo Nakhle Cerruti, CEO Comexposium | Comexposium\" \/>\n<meta property=\"og:description\" content=\"D\u00e9couvrez ici le message de bienvenue de Pablo Nakhle Cerruti, CEO Comexposium\u00a0; \u00e0 l\u2019attention des collaborateurs du Groupe. Pour acc\u00e9der \u00e0 cette vid\u00e9o de mani\u00e8re s\u00e9curis\u00e9e, merci de renseigner votre adresse email professionnelle*. Discover here the welcome message from Pablo Nakhle Cerruti, CEO of Comexposium, to the Group\u2019s employees.&nbsp;To access this video securely, please enter [&hellip;]\" \/>\n<meta property=\"og:url\" content=\"https:\/\/www.comexposium.com\/en\/message-from-pablo-nakhle-cerruti-ceo-comexposium\/\" \/>\n<meta property=\"og:site_name\" content=\"Comexposium\" \/>\n<meta property=\"article:publisher\" content=\"https:\/\/www.facebook.com\/Comexposium\/\" \/>\n<meta property=\"article:modified_time\" content=\"2025-08-30T07:40:32+00:00\" \/>\n<meta name=\"twitter:card\" content=\"summary_large_image\" \/>\n<meta name=\"twitter:site\" content=\"@comexposium\" \/>\n<meta name=\"twitter:label1\" content=\"Est. reading time\" \/>\n\t<meta name=\"twitter:data1\" content=\"1 minute\" \/>\n<script type=\"application\/ld+json\" class=\"yoast-schema-graph\">{\"@context\":\"https:\\\/\\\/schema.org\",\"@graph\":[{\"@type\":\"WebPage\",\"@id\":\"https:\\\/\\\/www.comexposium.com\\\/en\\\/message-from-pablo-nakhle-cerruti-ceo-comexposium\\\/\",\"url\":\"https:\\\/\\\/www.comexposium.com\\\/en\\\/message-from-pablo-nakhle-cerruti-ceo-comexposium\\\/\",\"name\":\"Message from Pablo Nakhle Cerruti, CEO Comexposium | Comexposium\",\"isPartOf\":{\"@id\":\"https:\\\/\\\/www.comexposium.com\\\/en\\\/#website\"},\"datePublished\":\"2025-08-29T14:16:37+00:00\",\"dateModified\":\"2025-08-30T07:40:32+00:00\",\"breadcrumb\":{\"@id\":\"https:\\\/\\\/www.comexposium.com\\\/en\\\/message-from-pablo-nakhle-cerruti-ceo-comexposium\\\/#breadcrumb\"},\"inLanguage\":\"en-US\",\"potentialAction\":[{\"@type\":\"ReadAction\",\"target\":[\"https:\\\/\\\/www.comexposium.com\\\/en\\\/message-from-pablo-nakhle-cerruti-ceo-comexposium\\\/\"]}]},{\"@type\":\"BreadcrumbList\",\"@id\":\"https:\\\/\\\/www.comexposium.com\\\/en\\\/message-from-pablo-nakhle-cerruti-ceo-comexposium\\\/#breadcrumb\",\"itemListElement\":[{\"@type\":\"ListItem\",\"position\":1,\"name\":\"Home\",\"item\":\"https:\\\/\\\/www.comexposium.com\\\/en\\\/\"},{\"@type\":\"ListItem\",\"position\":2,\"name\":\"Message from Pablo Nakhle Cerruti, CEO Comexposium\"}]},{\"@type\":\"WebSite\",\"@id\":\"https:\\\/\\\/www.comexposium.com\\\/en\\\/#website\",\"url\":\"https:\\\/\\\/www.comexposium.com\\\/en\\\/\",\"name\":\"Comexposium\",\"description\":\"\",\"publisher\":{\"@id\":\"https:\\\/\\\/www.comexposium.com\\\/en\\\/#organization\"},\"potentialAction\":[{\"@type\":\"SearchAction\",\"target\":{\"@type\":\"EntryPoint\",\"urlTemplate\":\"https:\\\/\\\/www.comexposium.com\\\/en\\\/?s={search_term_string}\"},\"query-input\":{\"@type\":\"PropertyValueSpecification\",\"valueRequired\":true,\"valueName\":\"search_term_string\"}}],\"inLanguage\":\"en-US\"},{\"@type\":\"Organization\",\"@id\":\"https:\\\/\\\/www.comexposium.com\\\/en\\\/#organization\",\"name\":\"Comexposium\",\"url\":\"https:\\\/\\\/www.comexposium.com\\\/en\\\/\",\"logo\":{\"@type\":\"ImageObject\",\"inLanguage\":\"en-US\",\"@id\":\"https:\\\/\\\/www.comexposium.com\\\/en\\\/#\\\/schema\\\/logo\\\/image\\\/\",\"url\":\"https:\\\/\\\/www.comexposium.com\\\/wp-content\\\/uploads\\\/2022\\\/10\\\/logo-comexposium-2.svg\",\"contentUrl\":\"https:\\\/\\\/www.comexposium.com\\\/wp-content\\\/uploads\\\/2022\\\/10\\\/logo-comexposium-2.svg\",\"width\":233,\"height\":40,\"caption\":\"Comexposium\"},\"image\":{\"@id\":\"https:\\\/\\\/www.comexposium.com\\\/en\\\/#\\\/schema\\\/logo\\\/image\\\/\"},\"sameAs\":[\"https:\\\/\\\/www.facebook.com\\\/Comexposium\\\/\",\"https:\\\/\\\/x.com\\\/comexposium\",\"https:\\\/\\\/www.linkedin.com\\\/company\\\/comexposium\",\"https:\\\/\\\/www.instagram.com\\\/comexposium\\\/\",\"https:\\\/\\\/www.youtube.com\\\/channel\\\/UCKiFnIcxRhMmnKJAeeFOdDA\"]}]}<\/script>\n<!-- \/ Yoast SEO plugin. -->","yoast_head_json":{"title":"Message from Pablo Nakhle Cerruti, CEO Comexposium | Comexposium","robots":{"index":"noindex","follow":"nofollow"},"og_locale":"en_US","og_type":"article","og_title":"Message from Pablo Nakhle Cerruti, CEO Comexposium | Comexposium","og_description":"D\u00e9couvrez ici le message de bienvenue de Pablo Nakhle Cerruti, CEO Comexposium\u00a0; \u00e0 l\u2019attention des collaborateurs du Groupe. Pour acc\u00e9der \u00e0 cette vid\u00e9o de mani\u00e8re s\u00e9curis\u00e9e, merci de renseigner votre adresse email professionnelle*. Discover here the welcome message from Pablo Nakhle Cerruti, CEO of Comexposium, to the Group\u2019s employees.&nbsp;To access this video securely, please enter [&hellip;]","og_url":"https:\/\/www.comexposium.com\/en\/message-from-pablo-nakhle-cerruti-ceo-comexposium\/","og_site_name":"Comexposium","article_publisher":"https:\/\/www.facebook.com\/Comexposium\/","article_modified_time":"2025-08-30T07:40:32+00:00","twitter_card":"summary_large_image","twitter_site":"@comexposium","twitter_misc":{"Est. reading time":"1 minute"},"schema":{"@context":"https:\/\/schema.org","@graph":[{"@type":"WebPage","@id":"https:\/\/www.comexposium.com\/en\/message-from-pablo-nakhle-cerruti-ceo-comexposium\/","url":"https:\/\/www.comexposium.com\/en\/message-from-pablo-nakhle-cerruti-ceo-comexposium\/","name":"Message from Pablo Nakhle Cerruti, CEO Comexposium | Comexposium","isPartOf":{"@id":"https:\/\/www.comexposium.com\/en\/#website"},"datePublished":"2025-08-29T14:16:37+00:00","dateModified":"2025-08-30T07:40:32+00:00","breadcrumb":{"@id":"https:\/\/www.comexposium.com\/en\/message-from-pablo-nakhle-cerruti-ceo-comexposium\/#breadcrumb"},"inLanguage":"en-US","potentialAction":[{"@type":"ReadAction","target":["https:\/\/www.comexposium.com\/en\/message-from-pablo-nakhle-cerruti-ceo-comexposium\/"]}]},{"@type":"BreadcrumbList","@id":"https:\/\/www.comexposium.com\/en\/message-from-pablo-nakhle-cerruti-ceo-comexposium\/#breadcrumb","itemListElement":[{"@type":"ListItem","position":1,"name":"Home","item":"https:\/\/www.comexposium.com\/en\/"},{"@type":"ListItem","position":2,"name":"Message from Pablo Nakhle Cerruti, CEO Comexposium"}]},{"@type":"WebSite","@id":"https:\/\/www.comexposium.com\/en\/#website","url":"https:\/\/www.comexposium.com\/en\/","name":"Comexposium","description":"","publisher":{"@id":"https:\/\/www.comexposium.com\/en\/#organization"},"potentialAction":[{"@type":"SearchAction","target":{"@type":"EntryPoint","urlTemplate":"https:\/\/www.comexposium.com\/en\/?s={search_term_string}"},"query-input":{"@type":"PropertyValueSpecification","valueRequired":true,"valueName":"search_term_string"}}],"inLanguage":"en-US"},{"@type":"Organization","@id":"https:\/\/www.comexposium.com\/en\/#organization","name":"Comexposium","url":"https:\/\/www.comexposium.com\/en\/","logo":{"@type":"ImageObject","inLanguage":"en-US","@id":"https:\/\/www.comexposium.com\/en\/#\/schema\/logo\/image\/","url":"https:\/\/www.comexposium.com\/wp-content\/uploads\/2022\/10\/logo-comexposium-2.svg","contentUrl":"https:\/\/www.comexposium.com\/wp-content\/uploads\/2022\/10\/logo-comexposium-2.svg","width":233,"height":40,"caption":"Comexposium"},"image":{"@id":"https:\/\/www.comexposium.com\/en\/#\/schema\/logo\/image\/"},"sameAs":["https:\/\/www.facebook.com\/Comexposium\/","https:\/\/x.com\/comexposium","https:\/\/www.linkedin.com\/company\/comexposium","https:\/\/www.instagram.com\/comexposium\/","https:\/\/www.youtube.com\/channel\/UCKiFnIcxRhMmnKJAeeFOdDA"]}]}},"_links":{"self":[{"href":"https:\/\/www.comexposium.com\/en\/wp-json\/wp\/v2\/pages\/10367","targetHints":{"allow":["GET"]}}],"collection":[{"href":"https:\/\/www.comexposium.com\/en\/wp-json\/wp\/v2\/pages"}],"about":[{"href":"https:\/\/www.comexposium.com\/en\/wp-json\/wp\/v2\/types\/page"}],"author":[{"embeddable":true,"href":"https:\/\/www.comexposium.com\/en\/wp-json\/wp\/v2\/users\/1"}],"replies":[{"embeddable":true,"href":"https:\/\/www.comexposium.com\/en\/wp-json\/wp\/v2\/comments?post=10367"}],"version-history":[{"count":13,"href":"https:\/\/www.comexposium.com\/en\/wp-json\/wp\/v2\/pages\/10367\/revisions"}],"predecessor-version":[{"id":10401,"href":"https:\/\/www.comexposium.com\/en\/wp-json\/wp\/v2\/pages\/10367\/revisions\/10401"}],"wp:attachment":[{"href":"https:\/\/www.comexposium.com\/en\/wp-json\/wp\/v2\/media?parent=10367"}],"curies":[{"name":"wp","href":"https:\/\/api.w.org\/{rel}","templated":true}]}}