




{"id":5328,"date":"2022-11-16T15:57:56","date_gmt":"2022-11-16T15:57:56","guid":{"rendered":"https:\/\/www.comexposium.com\/ethique-et-conformite\/"},"modified":"2026-02-03T13:32:46","modified_gmt":"2026-02-03T13:32:46","slug":"code-of-business-ethics","status":"publish","type":"page","link":"https:\/\/www.comexposium.com\/en\/code-of-business-ethics\/","title":{"rendered":"Code of Business Ethics"},"content":{"rendered":"\n\n<div class=\"short-description container\">\n\t\t\t\t<p>The Comexposium Group has long been committed to ensuring the well-being and safety of its employees, the development of talent, diversity, the integration of people and respect for human rights. <\/p>\n\t\t\t<\/div>\n\t\t\t\n\t\n\n\n<p>The Code of business ethics describes the fundamental principles that illustrate its commitments to ethical behavior. It goes much further than the required laws and regulations of our countries, also promoting its own beliefs.<\/p>\n\n\n\n<p>In addition, a whistleblowing system is available to employees and all Group stakeholders. This alert system allows any person to report directly by email any instances of illegal or unethical behaviour.<\/p>\n\n\n\n<p>Please learn more about the Code and whistleblowing system by clicking on the links below.<\/p>\n\n\n<div class=\"customize-links container\">\n\t\t\t\n\t<div class=\"link\"><a aria-label=\"download\" href=\"https:\/\/www.comexposium.com\/wp-content\/uploads\/2026\/02\/Comexposium-code-of-business-ethics-en_EN_2025-10-05-1.pdf\" target=\"_blank\" class=\"arrow-icon download-link custom\">Code of business ethics<i><\/i><\/a><\/div>\n\t\t\n\t\t\n\t\t\t\t\n\t<div class=\"link\"><a aria-label=\"download\" href=\"https:\/\/www.comexposium.com\/wp-content\/uploads\/2026\/02\/Comexposium-darlerte-interne-en.pdf\" target=\"_blank\" class=\"arrow-icon download-link custom\">Whistleblowing system procedure<i><\/i><\/a><\/div>\n\t\t\n\t\t\n\t\t\t\t\n\t<div class=\"link\"><a aria-label=\"download\" href=\"https:\/\/www.comexposium.com\/wp-content\/uploads\/2023\/01\/comexposium-internal-whistlebowing-form-en.docx\" target=\"_blank\" class=\"arrow-icon download-link custom\">Internal whistleblowing form<i><\/i><\/a><\/div>\n\t\t\n\t\t\n\t\t\t\t\n\t<div class=\"link\"><a aria-label=\"download\" href=\"https:\/\/www.comexposium.com\/wp-content\/uploads\/2025\/10\/Comexposium-gift-and-hospitality-procedure-en.pdf\" target=\"_blank\" class=\"arrow-icon download-link custom\">Gifts &#038; hospitality<i><\/i><\/a><\/div>\n\t\t\n\t\t\n\t\t<\/div>","protected":false},"excerpt":{"rendered":"<p>The Code of business ethics describes the fundamental principles that illustrate its commitments to ethical behavior. It goes much further than the required laws and regulations of our countries, also promoting its own beliefs. In addition, a whistleblowing system is available to employees and all Group stakeholders. This alert system allows any person to report [&hellip;]<\/p>\n","protected":false},"author":1,"featured_media":0,"parent":0,"menu_order":1000,"comment_status":"closed","ping_status":"closed","template":"","meta":{"_acf_changed":false,"inline_featured_image":false,"footnotes":""},"class_list":["post-5328","page","type-page","status-publish","hentry"],"acf":[],"yoast_head":"<!-- This site is optimized with the Yoast SEO plugin v27.3 - https:\/\/yoast.com\/product\/yoast-seo-wordpress\/ -->\n<title>Code of Business Ethics | Comexposium<\/title>\n<meta name=\"description\" content=\"Parmi nos engagements, nous accordons une grande importance au bien-\u00eatre, \u00e0 la s\u00e9curit\u00e9 et au respect des personnes qui forment les communaut\u00e9s que nous animons. D\u00e9couvrez notre \u00e9thique.\" \/>\n<meta name=\"robots\" content=\"index, follow, max-snippet:-1, max-image-preview:large, max-video-preview:-1\" \/>\n<link rel=\"canonical\" href=\"https:\/\/www.comexposium.com\/en\/code-of-business-ethics\/\" \/>\n<meta property=\"og:locale\" content=\"en_US\" \/>\n<meta property=\"og:type\" content=\"article\" \/>\n<meta property=\"og:title\" content=\"Code of Business Ethics | Comexposium\" \/>\n<meta property=\"og:description\" content=\"Parmi nos engagements, nous accordons une grande importance au bien-\u00eatre, \u00e0 la s\u00e9curit\u00e9 et au respect des personnes qui forment les communaut\u00e9s que nous animons. D\u00e9couvrez notre \u00e9thique.\" \/>\n<meta property=\"og:url\" content=\"https:\/\/www.comexposium.com\/en\/code-of-business-ethics\/\" \/>\n<meta property=\"og:site_name\" content=\"Comexposium\" \/>\n<meta property=\"article:publisher\" content=\"https:\/\/www.facebook.com\/Comexposium\/\" \/>\n<meta property=\"article:modified_time\" content=\"2026-02-03T13:32:46+00:00\" \/>\n<meta name=\"twitter:card\" content=\"summary_large_image\" \/>\n<meta name=\"twitter:site\" content=\"@comexposium\" \/>\n<meta name=\"twitter:label1\" content=\"Est. reading time\" \/>\n\t<meta name=\"twitter:data1\" content=\"1 minute\" \/>\n<script type=\"application\/ld+json\" class=\"yoast-schema-graph\">{\"@context\":\"https:\\\/\\\/schema.org\",\"@graph\":[{\"@type\":\"WebPage\",\"@id\":\"https:\\\/\\\/www.comexposium.com\\\/en\\\/code-of-business-ethics\\\/\",\"url\":\"https:\\\/\\\/www.comexposium.com\\\/en\\\/code-of-business-ethics\\\/\",\"name\":\"Code of Business Ethics | Comexposium\",\"isPartOf\":{\"@id\":\"https:\\\/\\\/www.comexposium.com\\\/en\\\/#website\"},\"datePublished\":\"2022-11-16T15:57:56+00:00\",\"dateModified\":\"2026-02-03T13:32:46+00:00\",\"description\":\"Parmi nos engagements, nous accordons une grande importance au bien-\u00eatre, \u00e0 la s\u00e9curit\u00e9 et au respect des personnes qui forment les communaut\u00e9s que nous animons. D\u00e9couvrez notre \u00e9thique.\",\"breadcrumb\":{\"@id\":\"https:\\\/\\\/www.comexposium.com\\\/en\\\/code-of-business-ethics\\\/#breadcrumb\"},\"inLanguage\":\"en-US\",\"potentialAction\":[{\"@type\":\"ReadAction\",\"target\":[\"https:\\\/\\\/www.comexposium.com\\\/en\\\/code-of-business-ethics\\\/\"]}]},{\"@type\":\"BreadcrumbList\",\"@id\":\"https:\\\/\\\/www.comexposium.com\\\/en\\\/code-of-business-ethics\\\/#breadcrumb\",\"itemListElement\":[{\"@type\":\"ListItem\",\"position\":1,\"name\":\"Home\",\"item\":\"https:\\\/\\\/www.comexposium.com\\\/en\\\/\"},{\"@type\":\"ListItem\",\"position\":2,\"name\":\"Code of Business Ethics\"}]},{\"@type\":\"WebSite\",\"@id\":\"https:\\\/\\\/www.comexposium.com\\\/en\\\/#website\",\"url\":\"https:\\\/\\\/www.comexposium.com\\\/en\\\/\",\"name\":\"Comexposium\",\"description\":\"\",\"publisher\":{\"@id\":\"https:\\\/\\\/www.comexposium.com\\\/en\\\/#organization\"},\"potentialAction\":[{\"@type\":\"SearchAction\",\"target\":{\"@type\":\"EntryPoint\",\"urlTemplate\":\"https:\\\/\\\/www.comexposium.com\\\/en\\\/?s={search_term_string}\"},\"query-input\":{\"@type\":\"PropertyValueSpecification\",\"valueRequired\":true,\"valueName\":\"search_term_string\"}}],\"inLanguage\":\"en-US\"},{\"@type\":\"Organization\",\"@id\":\"https:\\\/\\\/www.comexposium.com\\\/en\\\/#organization\",\"name\":\"Comexposium\",\"url\":\"https:\\\/\\\/www.comexposium.com\\\/en\\\/\",\"logo\":{\"@type\":\"ImageObject\",\"inLanguage\":\"en-US\",\"@id\":\"https:\\\/\\\/www.comexposium.com\\\/en\\\/#\\\/schema\\\/logo\\\/image\\\/\",\"url\":\"https:\\\/\\\/www.comexposium.com\\\/wp-content\\\/uploads\\\/2022\\\/10\\\/logo-comexposium-2.svg\",\"contentUrl\":\"https:\\\/\\\/www.comexposium.com\\\/wp-content\\\/uploads\\\/2022\\\/10\\\/logo-comexposium-2.svg\",\"width\":233,\"height\":40,\"caption\":\"Comexposium\"},\"image\":{\"@id\":\"https:\\\/\\\/www.comexposium.com\\\/en\\\/#\\\/schema\\\/logo\\\/image\\\/\"},\"sameAs\":[\"https:\\\/\\\/www.facebook.com\\\/Comexposium\\\/\",\"https:\\\/\\\/x.com\\\/comexposium\",\"https:\\\/\\\/www.linkedin.com\\\/company\\\/comexposium\",\"https:\\\/\\\/www.instagram.com\\\/comexposium\\\/\",\"https:\\\/\\\/www.youtube.com\\\/channel\\\/UCKiFnIcxRhMmnKJAeeFOdDA\"]}]}<\/script>\n<!-- \/ Yoast SEO plugin. -->","yoast_head_json":{"title":"Code of Business Ethics | Comexposium","description":"Parmi nos engagements, nous accordons une grande importance au bien-\u00eatre, \u00e0 la s\u00e9curit\u00e9 et au respect des personnes qui forment les communaut\u00e9s que nous animons. D\u00e9couvrez notre \u00e9thique.","robots":{"index":"index","follow":"follow","max-snippet":"max-snippet:-1","max-image-preview":"max-image-preview:large","max-video-preview":"max-video-preview:-1"},"canonical":"https:\/\/www.comexposium.com\/en\/code-of-business-ethics\/","og_locale":"en_US","og_type":"article","og_title":"Code of Business Ethics | Comexposium","og_description":"Parmi nos engagements, nous accordons une grande importance au bien-\u00eatre, \u00e0 la s\u00e9curit\u00e9 et au respect des personnes qui forment les communaut\u00e9s que nous animons. D\u00e9couvrez notre \u00e9thique.","og_url":"https:\/\/www.comexposium.com\/en\/code-of-business-ethics\/","og_site_name":"Comexposium","article_publisher":"https:\/\/www.facebook.com\/Comexposium\/","article_modified_time":"2026-02-03T13:32:46+00:00","twitter_card":"summary_large_image","twitter_site":"@comexposium","twitter_misc":{"Est. reading time":"1 minute"},"schema":{"@context":"https:\/\/schema.org","@graph":[{"@type":"WebPage","@id":"https:\/\/www.comexposium.com\/en\/code-of-business-ethics\/","url":"https:\/\/www.comexposium.com\/en\/code-of-business-ethics\/","name":"Code of Business Ethics | Comexposium","isPartOf":{"@id":"https:\/\/www.comexposium.com\/en\/#website"},"datePublished":"2022-11-16T15:57:56+00:00","dateModified":"2026-02-03T13:32:46+00:00","description":"Parmi nos engagements, nous accordons une grande importance au bien-\u00eatre, \u00e0 la s\u00e9curit\u00e9 et au respect des personnes qui forment les communaut\u00e9s que nous animons. D\u00e9couvrez notre \u00e9thique.","breadcrumb":{"@id":"https:\/\/www.comexposium.com\/en\/code-of-business-ethics\/#breadcrumb"},"inLanguage":"en-US","potentialAction":[{"@type":"ReadAction","target":["https:\/\/www.comexposium.com\/en\/code-of-business-ethics\/"]}]},{"@type":"BreadcrumbList","@id":"https:\/\/www.comexposium.com\/en\/code-of-business-ethics\/#breadcrumb","itemListElement":[{"@type":"ListItem","position":1,"name":"Home","item":"https:\/\/www.comexposium.com\/en\/"},{"@type":"ListItem","position":2,"name":"Code of Business Ethics"}]},{"@type":"WebSite","@id":"https:\/\/www.comexposium.com\/en\/#website","url":"https:\/\/www.comexposium.com\/en\/","name":"Comexposium","description":"","publisher":{"@id":"https:\/\/www.comexposium.com\/en\/#organization"},"potentialAction":[{"@type":"SearchAction","target":{"@type":"EntryPoint","urlTemplate":"https:\/\/www.comexposium.com\/en\/?s={search_term_string}"},"query-input":{"@type":"PropertyValueSpecification","valueRequired":true,"valueName":"search_term_string"}}],"inLanguage":"en-US"},{"@type":"Organization","@id":"https:\/\/www.comexposium.com\/en\/#organization","name":"Comexposium","url":"https:\/\/www.comexposium.com\/en\/","logo":{"@type":"ImageObject","inLanguage":"en-US","@id":"https:\/\/www.comexposium.com\/en\/#\/schema\/logo\/image\/","url":"https:\/\/www.comexposium.com\/wp-content\/uploads\/2022\/10\/logo-comexposium-2.svg","contentUrl":"https:\/\/www.comexposium.com\/wp-content\/uploads\/2022\/10\/logo-comexposium-2.svg","width":233,"height":40,"caption":"Comexposium"},"image":{"@id":"https:\/\/www.comexposium.com\/en\/#\/schema\/logo\/image\/"},"sameAs":["https:\/\/www.facebook.com\/Comexposium\/","https:\/\/x.com\/comexposium","https:\/\/www.linkedin.com\/company\/comexposium","https:\/\/www.instagram.com\/comexposium\/","https:\/\/www.youtube.com\/channel\/UCKiFnIcxRhMmnKJAeeFOdDA"]}]}},"_links":{"self":[{"href":"https:\/\/www.comexposium.com\/en\/wp-json\/wp\/v2\/pages\/5328","targetHints":{"allow":["GET"]}}],"collection":[{"href":"https:\/\/www.comexposium.com\/en\/wp-json\/wp\/v2\/pages"}],"about":[{"href":"https:\/\/www.comexposium.com\/en\/wp-json\/wp\/v2\/types\/page"}],"author":[{"embeddable":true,"href":"https:\/\/www.comexposium.com\/en\/wp-json\/wp\/v2\/users\/1"}],"replies":[{"embeddable":true,"href":"https:\/\/www.comexposium.com\/en\/wp-json\/wp\/v2\/comments?post=5328"}],"version-history":[{"count":6,"href":"https:\/\/www.comexposium.com\/en\/wp-json\/wp\/v2\/pages\/5328\/revisions"}],"predecessor-version":[{"id":11998,"href":"https:\/\/www.comexposium.com\/en\/wp-json\/wp\/v2\/pages\/5328\/revisions\/11998"}],"wp:attachment":[{"href":"https:\/\/www.comexposium.com\/en\/wp-json\/wp\/v2\/media?parent=5328"}],"curies":[{"name":"wp","href":"https:\/\/api.w.org\/{rel}","templated":true}]}}